{"id":1603,"date":"2025-03-16T22:56:59","date_gmt":"2025-03-17T01:56:59","guid":{"rendered":"http:\/\/velodrome.com.br\/?page_id=1603"},"modified":"2025-08-06T16:50:28","modified_gmt":"2025-08-06T19:50:28","slug":"blog","status":"publish","type":"page","link":"https:\/\/velodrome.com.br\/?page_id=1603","title":{"rendered":"blog"},"content":{"rendered":"<section class=\"section-69302e58-a19a-4cec-ba7c-30fba70a183e gutentor-post-module gutentor-post-module-p2 gutentor-post-5 alignfull gutentor-template-2 wp-block-gutentor-p2\" id=\"69302e58-a19a-4cec-ba7c-30fba70a183e\">\n<div class='grid-container  gutentor-rm-ct-space-d gutentor-rm-ct-space-t gutentor-rm-ct-space'><div class='grid-row  gutentor-rm-row-space-d gutentor-rm-row-space-t gutentor-rm-row-space'><div class='grid-lg-4 grid-md-4 grid-12'><article class='gutentor-post gtf-item-wrap gutentor-post-item-0 gtf-item-0'><div class='gutentor-post-item gtf-item'><div class='gutentor-bg-image gtf-bg-image gutentor-post-height gtf-item-height gutentor-overlay g-overlay  g-pos-bottom-cont-m g-pos-bottom-cont-t g-pos-bottom-cont-d' style=\"background-image:url(https:\/\/velodrome.com.br\/wp-content\/uploads\/2026\/05\/commuting2.jpg)\"><div class=\"gutentor-post-content gtf-content\"><h3 class=\"gutentor-post-title\"><a href=\"https:\/\/velodrome.com.br\/?p=2241\" rel=\"bookmark\">Como escolher sua primeira bicicleta (guia completo para n\u00e3o errar)<\/a><\/h3><\/div><\/div><\/div><\/article><\/div><div class='grid-lg-8 grid-md-8 grid-12'><div class='grid-row  gutentor-rm-row-space-d gutentor-rm-row-space-t gutentor-rm-row-space'><div class='grid-lg-6 grid-md-6 grid-12'><article class='gutentor-post gtf-item-wrap gutentor-post-item-1 gtf-item-1'><div class='gutentor-post-item gtf-item'><div class='gutentor-bg-image gtf-bg-image gutentor-post-height gtf-item-height gutentor-overlay g-overlay  g-pos-bottom-cont-m g-pos-bottom-cont-t g-pos-bottom-cont-d' style=\"background-image:url(https:\/\/velodrome.com.br\/wp-content\/uploads\/2026\/04\/montar_vs_comprarpronta.png)\"><div class=\"gutentor-post-content gtf-content\"><h3 class=\"gutentor-post-title\"><a href=\"https:\/\/velodrome.com.br\/?p=2224\" rel=\"bookmark\">Montar uma bike ou comprar pronta: o que realmente vale mais a pena?<\/a><\/h3><\/div><\/div><\/div><\/article><\/div><div class='grid-lg-6 grid-md-6 grid-12'><article class='gutentor-post gtf-item-wrap gutentor-post-item-2 gtf-item-2'><div class='gutentor-post-item gtf-item'><div class='gutentor-bg-image gtf-bg-image gutentor-post-height gtf-item-height gutentor-overlay g-overlay  g-pos-bottom-cont-m g-pos-bottom-cont-t g-pos-bottom-cont-d' style=\"background-image:url(https:\/\/velodrome.com.br\/wp-content\/uploads\/2026\/04\/Shimano_vs_Sram.jpg)\"><div class=\"gutentor-post-content gtf-content\"><h3 class=\"gutentor-post-title\"><a href=\"https:\/\/velodrome.com.br\/?p=2221\" rel=\"bookmark\">Shimano vs SRAM: qual grupo escolher em 2026? (comparativo completo e sem fanboy)<\/a><\/h3><\/div><\/div><\/div><\/article><\/div><div class='grid-lg-6 grid-md-6 grid-12'><article class='gutentor-post gtf-item-wrap gutentor-post-item-3 gtf-item-3'><div class='gutentor-post-item gtf-item'><div class='gutentor-bg-image gtf-bg-image gutentor-post-height gtf-item-height gutentor-overlay g-overlay  g-pos-bottom-cont-m g-pos-bottom-cont-t g-pos-bottom-cont-d' style=\"background-image:url(https:\/\/velodrome.com.br\/wp-content\/uploads\/2026\/04\/grupo_speed_bike_blog-1-e1776348754395.jpg)\"><div class=\"gutentor-post-content gtf-content\"><h3 class=\"gutentor-post-title\"><a href=\"https:\/\/velodrome.com.br\/?p=2206\" rel=\"bookmark\">Como escolher sua primeira bike speed em 2026<\/a><\/h3><\/div><\/div><\/div><\/article><\/div><div class='grid-lg-6 grid-md-6 grid-12'><article class='gutentor-post gtf-item-wrap gutentor-post-item-4 gtf-item-4'><div class='gutentor-post-item gtf-item'><div class='gutentor-bg-image gtf-bg-image gutentor-post-height gtf-item-height gutentor-overlay g-overlay  g-pos-bottom-cont-m g-pos-bottom-cont-t g-pos-bottom-cont-d' style=\"background-image:url(https:\/\/velodrome.com.br\/wp-content\/uploads\/2025\/08\/cargueira_longjohn.jpg)\"><div class=\"gutentor-post-content gtf-content\"><h3 class=\"gutentor-post-title\"><a href=\"https:\/\/velodrome.com.br\/?p=2184\" rel=\"bookmark\">QUal \u00e9 o seu Camelo?<\/a><\/h3><\/div><\/div><\/div><\/article><\/div><\/div><\/div><\/section>\n\n\n\t\t\t<div class=\"wp-block-uagb-post-grid uagb-post-grid  uagb-post__image-position-top uagb-post__image-enabled uagb-block-18df8cca     uagb-post__items uagb-post__columns-3 is-grid uagb-post__columns-tablet-2 uagb-post__columns-mobile-1 uagb-post__equal-height\" data-total=\"2\" style=\"\">\n\n\t\t\t\t\t\t\t\t\t\t\t\t<article class=\"uagb-post__inner-wrap\">\t\t\t\t\t\t\t\t<div class='uagb-post__image'>\n\t\t\t\t\t\t\t\t\t<a href=\"https:\/\/velodrome.com.br\/?p=2241\" target=\"_self\" rel=\"bookmark noopener noreferrer\" class='uagb-image-ratio-inherit'><img loading=\"lazy\" decoding=\"async\" width=\"1024\" height=\"538\" src=\"https:\/\/velodrome.com.br\/wp-content\/uploads\/2026\/05\/commuting2-1024x538.jpg\" class=\"attachment-large size-large\" alt=\"Como escolher sua primeira bicicleta (guia completo para n\u00e3o errar)\" srcset=\"https:\/\/velodrome.com.br\/wp-content\/uploads\/2026\/05\/commuting2-1024x538.jpg 1024w, https:\/\/velodrome.com.br\/wp-content\/uploads\/2026\/05\/commuting2-300x158.jpg 300w, https:\/\/velodrome.com.br\/wp-content\/uploads\/2026\/05\/commuting2-768x403.jpg 768w, https:\/\/velodrome.com.br\/wp-content\/uploads\/2026\/05\/commuting2.jpg 1200w\" sizes=\"auto, (max-width: 1024px) 100vw, 1024px\" \/>\t\t\t\t\t<\/a>\n\t\t\t\t\t\t\t<\/div>\n\t\t\t\t\t\t<h4 class=\"uagb-post__title uagb-post__text\">\n\t\t\t\t<a href=\"https:\/\/velodrome.com.br\/?p=2241\" target=\"_self\" rel=\"bookmark noopener noreferrer\">Como escolher sua primeira bicicleta (guia completo para n\u00e3o errar)<\/a>\n\t\t\t<\/h4>\n\t\t\t\t\t\t<div class='uagb-post__text uagb-post-grid-byline'>\n\t\t\t\t\t\t\t\t<time datetime=\"2026-05-06T12:13:21-03:00\" class=\"uagb-post__date\">\n\t\t\t\t<span class=\"dashicons-calendar dashicons\"><\/span>\t\t\t\t\t6 de maio de 2026\t\t\t\t<\/time>\n\t\t\t\t\t\t\t<span class=\"uagb-post__comment\">\n\t\t\t\t<span class=\"dashicons-admin-comments dashicons\"><\/span>\t\t\t\t\tNenhum coment\u00e1rio\t\t\t\t<\/span>\n\t\t\t\t\t\t<\/div>\n\t\t\t\t\t\t\t<div class='uagb-post__text uagb-post__excerpt'>\n\t\t\t\t\t<p>Escolher a primeira bicicleta parece simples\u2026 at\u00e9 voc\u00ea perceber que existem dezenas de modelos, estilos&#8230;\t\t\t\t<\/div>\n\t\t\t\t\t\t<div class=\"uagb-post__text uagb-post__cta wp-block-button\">\n\t\t\t\t<a class=\"wp-block-button__link uagb-text-link\" style=\"\" href=\"https:\/\/velodrome.com.br\/?p=2241\" target=\"_self\" rel=\"bookmark noopener noreferrer\">Ler mais<\/a>\n\t\t\t<\/div>\n\t\t\t\n\t\t\t\t\t\t\t\t\t<\/article>\n\t\t\t\t\t\t\t\t\t\t\t\t\t\t\t\t<article class=\"uagb-post__inner-wrap\">\t\t\t\t\t\t\t\t<div class='uagb-post__image'>\n\t\t\t\t\t\t\t\t\t<a href=\"https:\/\/velodrome.com.br\/?p=2224\" target=\"_self\" rel=\"bookmark noopener noreferrer\" class='uagb-image-ratio-inherit'><img loading=\"lazy\" decoding=\"async\" width=\"1024\" height=\"683\" src=\"https:\/\/velodrome.com.br\/wp-content\/uploads\/2026\/04\/montar_vs_comprarpronta-1024x683.png\" class=\"attachment-large size-large\" alt=\"\" srcset=\"https:\/\/velodrome.com.br\/wp-content\/uploads\/2026\/04\/montar_vs_comprarpronta-1024x683.png 1024w, https:\/\/velodrome.com.br\/wp-content\/uploads\/2026\/04\/montar_vs_comprarpronta-300x200.png 300w, https:\/\/velodrome.com.br\/wp-content\/uploads\/2026\/04\/montar_vs_comprarpronta-768x512.png 768w, https:\/\/velodrome.com.br\/wp-content\/uploads\/2026\/04\/montar_vs_comprarpronta.png 1536w\" sizes=\"auto, (max-width: 1024px) 100vw, 1024px\" \/>\t\t\t\t\t<\/a>\n\t\t\t\t\t\t\t<\/div>\n\t\t\t\t\t\t<h4 class=\"uagb-post__title uagb-post__text\">\n\t\t\t\t<a href=\"https:\/\/velodrome.com.br\/?p=2224\" target=\"_self\" rel=\"bookmark noopener noreferrer\">Montar uma bike ou comprar pronta: o que realmente vale mais a pena?<\/a>\n\t\t\t<\/h4>\n\t\t\t\t\t\t<div class='uagb-post__text uagb-post-grid-byline'>\n\t\t\t\t\t\t\t\t<time datetime=\"2026-04-28T18:14:28-03:00\" class=\"uagb-post__date\">\n\t\t\t\t<span class=\"dashicons-calendar dashicons\"><\/span>\t\t\t\t\t28 de abril de 2026\t\t\t\t<\/time>\n\t\t\t\t\t\t\t<span class=\"uagb-post__comment\">\n\t\t\t\t<span class=\"dashicons-admin-comments dashicons\"><\/span>\t\t\t\t\tNenhum coment\u00e1rio\t\t\t\t<\/span>\n\t\t\t\t\t\t<\/div>\n\t\t\t\t\t\t\t<div class='uagb-post__text uagb-post__excerpt'>\n\t\t\t\t\t<p>Introdu\u00e7\u00e3o Montar uma bike parece uma ideia excelente \u2014 at\u00e9 voc\u00ea colocar tudo na ponta&#8230;\t\t\t\t<\/div>\n\t\t\t\t\t\t<div class=\"uagb-post__text uagb-post__cta wp-block-button\">\n\t\t\t\t<a class=\"wp-block-button__link uagb-text-link\" style=\"\" href=\"https:\/\/velodrome.com.br\/?p=2224\" target=\"_self\" rel=\"bookmark noopener noreferrer\">Ler mais<\/a>\n\t\t\t<\/div>\n\t\t\t\n\t\t\t\t\t\t\t\t\t<\/article>\n\t\t\t\t\t\t\t\t\t\t\t\t\t\t\t\t<article class=\"uagb-post__inner-wrap\">\t\t\t\t\t\t\t\t<div class='uagb-post__image'>\n\t\t\t\t\t\t\t\t\t<a href=\"https:\/\/velodrome.com.br\/?p=2221\" target=\"_self\" rel=\"bookmark noopener noreferrer\" class='uagb-image-ratio-inherit'><img loading=\"lazy\" decoding=\"async\" width=\"1000\" height=\"598\" src=\"https:\/\/velodrome.com.br\/wp-content\/uploads\/2026\/04\/Shimano_vs_Sram.jpg\" class=\"attachment-large size-large\" alt=\"\" srcset=\"https:\/\/velodrome.com.br\/wp-content\/uploads\/2026\/04\/Shimano_vs_Sram.jpg 1000w, https:\/\/velodrome.com.br\/wp-content\/uploads\/2026\/04\/Shimano_vs_Sram-300x179.jpg 300w, https:\/\/velodrome.com.br\/wp-content\/uploads\/2026\/04\/Shimano_vs_Sram-768x459.jpg 768w\" sizes=\"auto, (max-width: 1000px) 100vw, 1000px\" \/>\t\t\t\t\t<\/a>\n\t\t\t\t\t\t\t<\/div>\n\t\t\t\t\t\t<h4 class=\"uagb-post__title uagb-post__text\">\n\t\t\t\t<a href=\"https:\/\/velodrome.com.br\/?p=2221\" target=\"_self\" rel=\"bookmark noopener noreferrer\">Shimano vs SRAM: qual grupo escolher em 2026? (comparativo completo e sem fanboy)<\/a>\n\t\t\t<\/h4>\n\t\t\t\t\t\t<div class='uagb-post__text uagb-post-grid-byline'>\n\t\t\t\t\t\t\t\t<time datetime=\"2026-04-23T09:56:14-03:00\" class=\"uagb-post__date\">\n\t\t\t\t<span class=\"dashicons-calendar dashicons\"><\/span>\t\t\t\t\t23 de abril de 2026\t\t\t\t<\/time>\n\t\t\t\t\t\t\t<span class=\"uagb-post__comment\">\n\t\t\t\t<span class=\"dashicons-admin-comments dashicons\"><\/span>\t\t\t\t\tNenhum coment\u00e1rio\t\t\t\t<\/span>\n\t\t\t\t\t\t<\/div>\n\t\t\t\t\t\t\t<div class='uagb-post__text uagb-post__excerpt'>\n\t\t\t\t\t<p>Introdu\u00e7\u00e3o Se existe uma discuss\u00e3o que nunca morre no ciclismo, \u00e9 essa. Shimano ou SRAM?&#8230;\t\t\t\t<\/div>\n\t\t\t\t\t\t<div class=\"uagb-post__text uagb-post__cta wp-block-button\">\n\t\t\t\t<a class=\"wp-block-button__link uagb-text-link\" style=\"\" href=\"https:\/\/velodrome.com.br\/?p=2221\" target=\"_self\" rel=\"bookmark noopener noreferrer\">Ler mais<\/a>\n\t\t\t<\/div>\n\t\t\t\n\t\t\t\t\t\t\t\t\t<\/article>\n\t\t\t\t\t\t\t\t\t\t\t\t\t\t\t\t<article class=\"uagb-post__inner-wrap\">\t\t\t\t\t\t\t\t<div class='uagb-post__image'>\n\t\t\t\t\t\t\t\t\t<a href=\"https:\/\/velodrome.com.br\/?p=2206\" target=\"_self\" rel=\"bookmark noopener noreferrer\" class='uagb-image-ratio-inherit'><img loading=\"lazy\" decoding=\"async\" width=\"1024\" height=\"452\" src=\"https:\/\/velodrome.com.br\/wp-content\/uploads\/2026\/04\/grupo_speed_bike_blog-1-e1776348754395-1024x452.jpg\" class=\"attachment-large size-large\" alt=\"\" srcset=\"https:\/\/velodrome.com.br\/wp-content\/uploads\/2026\/04\/grupo_speed_bike_blog-1-e1776348754395-1024x452.jpg 1024w, https:\/\/velodrome.com.br\/wp-content\/uploads\/2026\/04\/grupo_speed_bike_blog-1-e1776348754395-300x132.jpg 300w, https:\/\/velodrome.com.br\/wp-content\/uploads\/2026\/04\/grupo_speed_bike_blog-1-e1776348754395-768x339.jpg 768w, https:\/\/velodrome.com.br\/wp-content\/uploads\/2026\/04\/grupo_speed_bike_blog-1-e1776348754395.jpg 1034w\" sizes=\"auto, (max-width: 1024px) 100vw, 1024px\" \/>\t\t\t\t\t<\/a>\n\t\t\t\t\t\t\t<\/div>\n\t\t\t\t\t\t<h4 class=\"uagb-post__title uagb-post__text\">\n\t\t\t\t<a href=\"https:\/\/velodrome.com.br\/?p=2206\" target=\"_self\" rel=\"bookmark noopener noreferrer\">Como escolher sua primeira bike speed em 2026<\/a>\n\t\t\t<\/h4>\n\t\t\t\t\t\t<div class='uagb-post__text uagb-post-grid-byline'>\n\t\t\t\t\t\t\t\t<time datetime=\"2026-04-16T11:06:00-03:00\" class=\"uagb-post__date\">\n\t\t\t\t<span class=\"dashicons-calendar dashicons\"><\/span>\t\t\t\t\t16 de abril de 2026\t\t\t\t<\/time>\n\t\t\t\t\t\t\t<span class=\"uagb-post__comment\">\n\t\t\t\t<span class=\"dashicons-admin-comments dashicons\"><\/span>\t\t\t\t\tNenhum coment\u00e1rio\t\t\t\t<\/span>\n\t\t\t\t\t\t<\/div>\n\t\t\t\t\t\t\t<div class='uagb-post__text uagb-post__excerpt'>\n\t\t\t\t\t<p>Guia completo para escolher sua primeira bike speed no Brasil: tamanho, grupo, carbono vs alum\u00ednio&#8230;\t\t\t\t<\/div>\n\t\t\t\t\t\t<div class=\"uagb-post__text uagb-post__cta wp-block-button\">\n\t\t\t\t<a class=\"wp-block-button__link uagb-text-link\" style=\"\" href=\"https:\/\/velodrome.com.br\/?p=2206\" target=\"_self\" rel=\"bookmark noopener noreferrer\">Ler mais<\/a>\n\t\t\t<\/div>\n\t\t\t\n\t\t\t\t\t\t\t\t\t<\/article>\n\t\t\t\t\t\t\t\t\t\t\t\t\t\t\t\t<article class=\"uagb-post__inner-wrap\">\t\t\t\t\t\t\t\t<div class='uagb-post__image'>\n\t\t\t\t\t\t\t\t\t<a href=\"https:\/\/velodrome.com.br\/?p=2184\" target=\"_self\" rel=\"bookmark noopener noreferrer\" class='uagb-image-ratio-inherit'><img loading=\"lazy\" decoding=\"async\" width=\"872\" height=\"432\" src=\"https:\/\/velodrome.com.br\/wp-content\/uploads\/2025\/08\/cargueira_longjohn.jpg\" class=\"attachment-large size-large\" alt=\"\" srcset=\"https:\/\/velodrome.com.br\/wp-content\/uploads\/2025\/08\/cargueira_longjohn.jpg 872w, https:\/\/velodrome.com.br\/wp-content\/uploads\/2025\/08\/cargueira_longjohn-300x149.jpg 300w, https:\/\/velodrome.com.br\/wp-content\/uploads\/2025\/08\/cargueira_longjohn-768x380.jpg 768w\" sizes=\"auto, (max-width: 872px) 100vw, 872px\" \/>\t\t\t\t\t<\/a>\n\t\t\t\t\t\t\t<\/div>\n\t\t\t\t\t\t<h4 class=\"uagb-post__title uagb-post__text\">\n\t\t\t\t<a href=\"https:\/\/velodrome.com.br\/?p=2184\" target=\"_self\" rel=\"bookmark noopener noreferrer\">QUal \u00e9 o seu Camelo?<\/a>\n\t\t\t<\/h4>\n\t\t\t\t\t\t<div class='uagb-post__text uagb-post-grid-byline'>\n\t\t\t\t\t\t\t\t<time datetime=\"2025-08-07T11:45:50-03:00\" class=\"uagb-post__date\">\n\t\t\t\t<span class=\"dashicons-calendar dashicons\"><\/span>\t\t\t\t\t7 de agosto de 2025\t\t\t\t<\/time>\n\t\t\t\t\t\t\t<span class=\"uagb-post__comment\">\n\t\t\t\t<span class=\"dashicons-admin-comments dashicons\"><\/span>\t\t\t\t\tNenhum coment\u00e1rio\t\t\t\t<\/span>\n\t\t\t\t\t\t<\/div>\n\t\t\t\t\t\t\t<div class='uagb-post__text uagb-post__excerpt'>\n\t\t\t\t\t<p>Escolhendo seu tipo de bike Em meu \u00faltimo texto publiado aqui, na coluna Bici &amp;&#8230;\t\t\t\t<\/div>\n\t\t\t\t\t\t<div class=\"uagb-post__text uagb-post__cta wp-block-button\">\n\t\t\t\t<a class=\"wp-block-button__link uagb-text-link\" style=\"\" href=\"https:\/\/velodrome.com.br\/?p=2184\" target=\"_self\" rel=\"bookmark noopener noreferrer\">Ler mais<\/a>\n\t\t\t<\/div>\n\t\t\t\n\t\t\t\t\t\t\t\t\t<\/article>\n\t\t\t\t\t\t\t\t\t\t\t\t\t\t\t\t<article class=\"uagb-post__inner-wrap\">\t\t\t\t\t\t\t\t<div class='uagb-post__image'>\n\t\t\t\t\t\t\t\t\t<a href=\"https:\/\/velodrome.com.br\/?p=2150\" target=\"_self\" rel=\"bookmark noopener noreferrer\" class='uagb-image-ratio-inherit'><img loading=\"lazy\" decoding=\"async\" width=\"1024\" height=\"576\" src=\"https:\/\/velodrome.com.br\/wp-content\/uploads\/2025\/08\/Alemanha-1024x576.jpeg\" class=\"attachment-large size-large\" alt=\"\" srcset=\"https:\/\/velodrome.com.br\/wp-content\/uploads\/2025\/08\/Alemanha-1024x576.jpeg 1024w, https:\/\/velodrome.com.br\/wp-content\/uploads\/2025\/08\/Alemanha-300x169.jpeg 300w, https:\/\/velodrome.com.br\/wp-content\/uploads\/2025\/08\/Alemanha-768x432.jpeg 768w, https:\/\/velodrome.com.br\/wp-content\/uploads\/2025\/08\/Alemanha-1536x864.jpeg 1536w, https:\/\/velodrome.com.br\/wp-content\/uploads\/2025\/08\/Alemanha-2048x1152.jpeg 2048w\" sizes=\"auto, (max-width: 1024px) 100vw, 1024px\" \/>\t\t\t\t\t<\/a>\n\t\t\t\t\t\t\t<\/div>\n\t\t\t\t\t\t<h4 class=\"uagb-post__title uagb-post__text\">\n\t\t\t\t<a href=\"https:\/\/velodrome.com.br\/?p=2150\" target=\"_self\" rel=\"bookmark noopener noreferrer\">Ponha divers\u00e3o entre as suas pernas<\/a>\n\t\t\t<\/h4>\n\t\t\t\t\t\t<div class='uagb-post__text uagb-post-grid-byline'>\n\t\t\t\t\t\t\t\t<time datetime=\"2025-08-07T11:16:13-03:00\" class=\"uagb-post__date\">\n\t\t\t\t<span class=\"dashicons-calendar dashicons\"><\/span>\t\t\t\t\t7 de agosto de 2025\t\t\t\t<\/time>\n\t\t\t\t\t\t\t<span class=\"uagb-post__comment\">\n\t\t\t\t<span class=\"dashicons-admin-comments dashicons\"><\/span>\t\t\t\t\t1 coment\u00e1rio\t\t\t\t<\/span>\n\t\t\t\t\t\t<\/div>\n\t\t\t\t\t\t\t<div class='uagb-post__text uagb-post__excerpt'>\n\t\t\t\t\t<p>come\u00e7ar pedalar \u00e9 preciso Quem quer come\u00e7ar pedalar, em geral, pensa logo que comprar a&#8230;\t\t\t\t<\/div>\n\t\t\t\t\t\t<div class=\"uagb-post__text uagb-post__cta wp-block-button\">\n\t\t\t\t<a class=\"wp-block-button__link uagb-text-link\" style=\"\" href=\"https:\/\/velodrome.com.br\/?p=2150\" target=\"_self\" rel=\"bookmark noopener noreferrer\">Ler mais<\/a>\n\t\t\t<\/div>\n\t\t\t\n\t\t\t\t\t\t\t\t\t<\/article>\n\t\t\t\t\t\t\t\t\t\t\t<\/div>\n\t\t\t","protected":false},"excerpt":{"rendered":"","protected":false},"author":1,"featured_media":0,"parent":0,"menu_order":0,"comment_status":"closed","ping_status":"closed","template":"","meta":{"inline_featured_image":false,"_uag_custom_page_level_css":"","site-sidebar-layout":"default","site-content-layout":"","ast-site-content-layout":"","site-content-style":"default","site-sidebar-style":"default","ast-global-header-display":"","ast-banner-title-visibility":"","ast-main-header-display":"","ast-hfb-above-header-display":"","ast-hfb-below-header-display":"","ast-hfb-mobile-header-display":"","site-post-title":"disabled","ast-breadcrumbs-content":"","ast-featured-img":"","footer-sml-layout":"","theme-transparent-header-meta":"","adv-header-id-meta":"","stick-header-meta":"","header-above-stick-meta":"","header-main-stick-meta":"","header-below-stick-meta":"","astra-migrate-meta-layouts":"default","ast-page-background-enabled":"default","ast-page-background-meta":{"desktop":{"background-color":"var(--ast-global-color-5)","background-image":"","background-repeat":"repeat","background-position":"center center","background-size":"auto","background-attachment":"scroll","background-type":"","background-media":"","overlay-type":"","overlay-color":"","overlay-opacity":"","overlay-gradient":""},"tablet":{"background-color":"","background-image":"","background-repeat":"repeat","background-position":"center center","background-size":"auto","background-attachment":"scroll","background-type":"","background-media":"","overlay-type":"","overlay-color":"","overlay-opacity":"","overlay-gradient":""},"mobile":{"background-color":"","background-image":"","background-repeat":"repeat","background-position":"center center","background-size":"auto","background-attachment":"scroll","background-type":"","background-media":"","overlay-type":"","overlay-color":"","overlay-opacity":"","overlay-gradient":""}},"ast-content-background-meta":{"desktop":{"background-color":"var(--ast-global-color-4)","background-image":"","background-repeat":"repeat","background-position":"center center","background-size":"auto","background-attachment":"scroll","background-type":"","background-media":"","overlay-type":"","overlay-color":"","overlay-opacity":"","overlay-gradient":""},"tablet":{"background-color":"var(--ast-global-color-4)","background-image":"","background-repeat":"repeat","background-position":"center center","background-size":"auto","background-attachment":"scroll","background-type":"","background-media":"","overlay-type":"","overlay-color":"","overlay-opacity":"","overlay-gradient":""},"mobile":{"background-color":"var(--ast-global-color-4)","background-image":"","background-repeat":"repeat","background-position":"center center","background-size":"auto","background-attachment":"scroll","background-type":"","background-media":"","overlay-type":"","overlay-color":"","overlay-opacity":"","overlay-gradient":""}},"footnotes":""},"class_list":["post-1603","page","type-page","status-publish","hentry"],"yoast_head":"<!-- This site is optimized with the Yoast SEO plugin v27.5 - https:\/\/yoast.com\/product\/yoast-seo-wordpress\/ -->\n<title>Blog Bici &amp; Vida - Velodrome Bike Caf\u00e9<\/title>\n<meta name=\"robots\" content=\"index, follow, max-snippet:-1, max-image-preview:large, max-video-preview:-1\" \/>\n<link rel=\"canonical\" href=\"https:\/\/velodrome.com.br\/?page_id=1603\" \/>\n<meta property=\"og:locale\" content=\"pt_BR\" \/>\n<meta property=\"og:type\" content=\"article\" \/>\n<meta property=\"og:title\" content=\"Blog Bici &amp; Vida - Velodrome Bike Caf\u00e9\" \/>\n<meta property=\"og:url\" content=\"https:\/\/velodrome.com.br\/?page_id=1603\" \/>\n<meta property=\"article:modified_time\" content=\"2025-08-06T19:50:28+00:00\" \/>\n<meta name=\"twitter:card\" content=\"summary_large_image\" \/>\n<script type=\"application\/ld+json\" class=\"yoast-schema-graph\">{\"@context\":\"https:\\\/\\\/schema.org\",\"@graph\":[{\"@type\":\"WebPage\",\"@id\":\"https:\\\/\\\/velodrome.com.br\\\/?page_id=1603\",\"url\":\"https:\\\/\\\/velodrome.com.br\\\/?page_id=1603\",\"name\":\"Blog Bici & Vida - Velodrome Bike Caf\u00e9\",\"isPartOf\":{\"@id\":\"https:\\\/\\\/velodrome.com.br\\\/#website\"},\"datePublished\":\"2025-03-17T01:56:59+00:00\",\"dateModified\":\"2025-08-06T19:50:28+00:00\",\"breadcrumb\":{\"@id\":\"https:\\\/\\\/velodrome.com.br\\\/?page_id=1603#breadcrumb\"},\"inLanguage\":\"pt-BR\",\"potentialAction\":[{\"@type\":\"ReadAction\",\"target\":[\"https:\\\/\\\/velodrome.com.br\\\/?page_id=1603\"]}]},{\"@type\":\"BreadcrumbList\",\"@id\":\"https:\\\/\\\/velodrome.com.br\\\/?page_id=1603#breadcrumb\",\"itemListElement\":[{\"@type\":\"ListItem\",\"position\":1,\"name\":\"In\u00edcio\",\"item\":\"https:\\\/\\\/velodrome.com.br\\\/\"},{\"@type\":\"ListItem\",\"position\":2,\"name\":\"blog\"}]},{\"@type\":\"WebSite\",\"@id\":\"https:\\\/\\\/velodrome.com.br\\\/#website\",\"url\":\"https:\\\/\\\/velodrome.com.br\\\/\",\"name\":\"\",\"description\":\"Velodrome Bike Caf\u00e9 - Ponto de encontro do ciclismo paulista\",\"potentialAction\":[{\"@type\":\"SearchAction\",\"target\":{\"@type\":\"EntryPoint\",\"urlTemplate\":\"https:\\\/\\\/velodrome.com.br\\\/?s={search_term_string}\"},\"query-input\":{\"@type\":\"PropertyValueSpecification\",\"valueRequired\":true,\"valueName\":\"search_term_string\"}}],\"inLanguage\":\"pt-BR\"}]}<\/script>\n<!-- \/ Yoast SEO plugin. -->","yoast_head_json":{"title":"Blog Bici & Vida - Velodrome Bike Caf\u00e9","robots":{"index":"index","follow":"follow","max-snippet":"max-snippet:-1","max-image-preview":"max-image-preview:large","max-video-preview":"max-video-preview:-1"},"canonical":"https:\/\/velodrome.com.br\/?page_id=1603","og_locale":"pt_BR","og_type":"article","og_title":"Blog Bici & Vida - Velodrome Bike Caf\u00e9","og_url":"https:\/\/velodrome.com.br\/?page_id=1603","article_modified_time":"2025-08-06T19:50:28+00:00","twitter_card":"summary_large_image","schema":{"@context":"https:\/\/schema.org","@graph":[{"@type":"WebPage","@id":"https:\/\/velodrome.com.br\/?page_id=1603","url":"https:\/\/velodrome.com.br\/?page_id=1603","name":"Blog Bici & Vida - Velodrome Bike Caf\u00e9","isPartOf":{"@id":"https:\/\/velodrome.com.br\/#website"},"datePublished":"2025-03-17T01:56:59+00:00","dateModified":"2025-08-06T19:50:28+00:00","breadcrumb":{"@id":"https:\/\/velodrome.com.br\/?page_id=1603#breadcrumb"},"inLanguage":"pt-BR","potentialAction":[{"@type":"ReadAction","target":["https:\/\/velodrome.com.br\/?page_id=1603"]}]},{"@type":"BreadcrumbList","@id":"https:\/\/velodrome.com.br\/?page_id=1603#breadcrumb","itemListElement":[{"@type":"ListItem","position":1,"name":"In\u00edcio","item":"https:\/\/velodrome.com.br\/"},{"@type":"ListItem","position":2,"name":"blog"}]},{"@type":"WebSite","@id":"https:\/\/velodrome.com.br\/#website","url":"https:\/\/velodrome.com.br\/","name":"","description":"Velodrome Bike Caf\u00e9 - Ponto de encontro do ciclismo paulista","potentialAction":[{"@type":"SearchAction","target":{"@type":"EntryPoint","urlTemplate":"https:\/\/velodrome.com.br\/?s={search_term_string}"},"query-input":{"@type":"PropertyValueSpecification","valueRequired":true,"valueName":"search_term_string"}}],"inLanguage":"pt-BR"}]}},"uagb_featured_image_src":{"full":false,"thumbnail":false,"medium":false,"medium_large":false,"large":false,"1536x1536":false,"2048x2048":false},"uagb_author_info":{"display_name":"lyca","author_link":"https:\/\/velodrome.com.br\/?author=1"},"uagb_comment_info":0,"uagb_excerpt":null,"_links":{"self":[{"href":"https:\/\/velodrome.com.br\/index.php?rest_route=\/wp\/v2\/pages\/1603","targetHints":{"allow":["GET"]}}],"collection":[{"href":"https:\/\/velodrome.com.br\/index.php?rest_route=\/wp\/v2\/pages"}],"about":[{"href":"https:\/\/velodrome.com.br\/index.php?rest_route=\/wp\/v2\/types\/page"}],"author":[{"embeddable":true,"href":"https:\/\/velodrome.com.br\/index.php?rest_route=\/wp\/v2\/users\/1"}],"replies":[{"embeddable":true,"href":"https:\/\/velodrome.com.br\/index.php?rest_route=%2Fwp%2Fv2%2Fcomments&post=1603"}],"version-history":[{"count":10,"href":"https:\/\/velodrome.com.br\/index.php?rest_route=\/wp\/v2\/pages\/1603\/revisions"}],"predecessor-version":[{"id":2177,"href":"https:\/\/velodrome.com.br\/index.php?rest_route=\/wp\/v2\/pages\/1603\/revisions\/2177"}],"wp:attachment":[{"href":"https:\/\/velodrome.com.br\/index.php?rest_route=%2Fwp%2Fv2%2Fmedia&parent=1603"}],"curies":[{"name":"wp","href":"https:\/\/api.w.org\/{rel}","templated":true}]}}